{"id":510,"date":"2024-07-23T21:23:45","date_gmt":"2024-07-23T21:23:45","guid":{"rendered":"https:\/\/queremoschisme.com\/?page_id=510"},"modified":"2024-07-23T21:30:02","modified_gmt":"2024-07-23T21:30:02","slug":"politica-de-cookies","status":"publish","type":"page","link":"https:\/\/queremoschisme.com\/ca\/politica-de-cookies\/","title":{"rendered":"Pol\u00edtica de Cookies"},"content":{"rendered":"<div data-elementor-type=\"wp-page\" data-elementor-id=\"510\" class=\"elementor elementor-510\" data-elementor-post-type=\"page\">\n\t\t\t\t<div class=\"elementor-element elementor-element-400adbc e-flex e-con-boxed e-con e-parent\" data-id=\"400adbc\" data-element_type=\"container\">\n\t\t\t\t\t<div class=\"e-con-inner\">\n\t\t\t\t<div class=\"elementor-element elementor-element-2dabb4e elementor-widget elementor-widget-heading\" data-id=\"2dabb4e\" data-element_type=\"widget\" data-widget_type=\"heading.default\">\n\t\t\t\t<div class=\"elementor-widget-container\">\n\t\t\t\t\t<h2 class=\"elementor-heading-title elementor-size-default\">Pol\u00edtica de Cookies<\/h2>\t\t\t\t<\/div>\n\t\t\t\t<\/div>\n\t\t\t\t<div class=\"elementor-element elementor-element-94920f8 elementor-widget elementor-widget-text-editor\" data-id=\"94920f8\" data-element_type=\"widget\" data-widget_type=\"text-editor.default\">\n\t\t\t\t<div class=\"elementor-widget-container\">\n\t\t\t\t\t\t\t\t\t<p>Darrera actualitzaci\u00f3: 23 de juliol 2024<\/p><h5><strong>Introducci\u00f3<\/strong><\/h5><p><br \/>A BERCCO FOOD VENTURES, S.L. (d'ara endavant, \u201cl'Empresa\u201d), utilitzem cookies i tecnologies similars per millorar la teva experi\u00e8ncia a la nostra web. Aquesta pol\u00edtica explica qu\u00e8 s\u00f3n les galetes, com les utilitzem i com les pots gestionar.<\/p><h5><strong>Responsable del Tractament<\/strong><\/h5><p class=\"translation-block\"><strong>Nom de la Empresa:<\/strong> BERCCO FOOD VENTURES, S.L.<br><strong>CIF:<\/strong> B56815129<br><strong>Adre\u00e7a:<\/strong> Carrer Anoia, 12, 08130 Santa Perp\u00e8tua de Mogoda<br><strong>Correu electr\u00f2nic:<\/strong> personas@queremoschisme.com<\/p><h5><strong>Qu\u00e8 s\u00f3n les galetes?<\/strong><\/h5><div><p>Les cookies s\u00f3n petits arxius de text que s'emmagatzemen al dispositiu quan visites una p\u00e0gina web. Aquestes permeten que el lloc recordi les teves accions i prefer\u00e8ncies durant un per\u00edode de temps, perqu\u00e8 no les hagis de tornar a configurar cada vegada que tornis a la p\u00e0gina o navegues entre p\u00e0gines.<\/p><h5><strong>Tipus de Cookies que Utilitzem<\/strong><\/h5><\/div><div><strong>Cookies Esenciales:<\/strong> Son necesarias para el funcionamiento b\u00e1sico de la web y permiten la navegaci\u00f3n y el uso de sus funciones.<br \/><strong>Cookies de Rendimiento:<\/strong> Recopilan informaci\u00f3n sobre c\u00f3mo utilizas nuestra web, como las p\u00e1ginas que visitas con m\u00e1s frecuencia. Estos datos nos ayudan a mejorar la funcionalidad del sitio.<br \/><strong>Cookies de Funcionalidad:<\/strong> Permiten recordar tus elecciones (como tu nombre de usuario, idioma o regi\u00f3n) para proporcionar caracter\u00edsticas mejoradas y personalizadas.<br \/><strong>Cookies de Publicidad:<\/strong> Se utilizan para mostrar anuncios que son relevantes para ti y tus intereses. Tambi\u00e9n limitan el n\u00famero de veces que ves un anuncio y miden la efectividad de las campa\u00f1as publicitarias.<\/div><div>C\u00f3mo Utilizamos las Cookies<\/div><div><h5><strong>Utilitzem les cookies per:<\/strong><\/h5><ul><li>Recordar les teves prefer\u00e8ncies i configuracions.<\/li><li>Comprendre i analitzar el rendiment de la nostra web.<\/li><li>Oferir-te una experi\u00e8ncia de navegaci\u00f3 personalitzada.<\/li><li>Mostrar-te anuncis rellevants i mesurar-ne l'efic\u00e0cia.<\/li><\/ul><\/div><h5><strong>Gesti\u00f3 de Cookies<\/strong><\/h5><div><p>Podeu gestionar les vostres prefer\u00e8ncies de cookies a trav\u00e9s de la configuraci\u00f3 del vostre navegador. A continuaci\u00f3, et proporcionem enlla\u00e7os a les instruccions per gestionar les cookies als navegadors m\u00e9s populars:<\/p><ul><li>Google Chrome<\/li><li>Mozilla Firefox<\/li><li>Safari<\/li><li>Microsoft Edge<\/li><\/ul><\/div><h5><strong>Canvis a la Pol\u00edtica de Cookies<\/strong><\/h5><div><p>Podem actualitzar aquesta pol\u00edtica de galetes ocasionalment. Et notificarem sobre qualsevol canvi publicant la nova pol\u00edtica a la nostra web. Et recomanem revisar aquesta p\u00e0gina peri\u00f2dicament per estar informat sobre com utilitzem les galetes.<\/p><h5><strong>Contacte<\/strong><\/h5><\/div><div>Si tens alguna pregunta sobre la nostra pol\u00edtica de cookies, si us plau contacta'ns a:<br \/>Email: personas@queremoschisme.com<\/div>\t\t\t\t\t\t\t\t<\/div>\n\t\t\t\t<\/div>\n\t\t\t\t\t<\/div>\n\t\t\t\t<\/div>\n\t\t\t\t<\/div>","protected":false},"excerpt":{"rendered":"<p>Pol\u00edtica de Cookies \u00daltima actualizaci\u00f3n: 23 de Julio 2024 Introducci\u00f3n En BERCCO FOOD VENTURES, S.L. (en adelante, \u00abla Empresa\u00bb), utilizamos cookies y tecnolog\u00edas similares para mejorar tu experiencia en nuestra web. Esta pol\u00edtica explica qu\u00e9 son las cookies, c\u00f3mo las utilizamos y c\u00f3mo puedes gestionarlas. Responsable del Tratamiento Nombre de la Empresa: BERCCO FOOD VENTURES, [&hellip;]<\/p>","protected":false},"author":1,"featured_media":0,"parent":0,"menu_order":0,"comment_status":"closed","ping_status":"closed","template":"","meta":{"om_disable_all_campaigns":false,"_monsterinsights_skip_tracking":false,"_monsterinsights_sitenote_active":false,"_monsterinsights_sitenote_note":"","_monsterinsights_sitenote_category":0,"_uf_show_specific_survey":0,"_uf_disable_surveys":false,"footnotes":""},"class_list":["post-510","page","type-page","status-publish","hentry"],"aioseo_notices":[],"_links":{"self":[{"href":"https:\/\/queremoschisme.com\/ca\/wp-json\/wp\/v2\/pages\/510","targetHints":{"allow":["GET"]}}],"collection":[{"href":"https:\/\/queremoschisme.com\/ca\/wp-json\/wp\/v2\/pages"}],"about":[{"href":"https:\/\/queremoschisme.com\/ca\/wp-json\/wp\/v2\/types\/page"}],"author":[{"embeddable":true,"href":"https:\/\/queremoschisme.com\/ca\/wp-json\/wp\/v2\/users\/1"}],"replies":[{"embeddable":true,"href":"https:\/\/queremoschisme.com\/ca\/wp-json\/wp\/v2\/comments?post=510"}],"version-history":[{"count":4,"href":"https:\/\/queremoschisme.com\/ca\/wp-json\/wp\/v2\/pages\/510\/revisions"}],"predecessor-version":[{"id":514,"href":"https:\/\/queremoschisme.com\/ca\/wp-json\/wp\/v2\/pages\/510\/revisions\/514"}],"wp:attachment":[{"href":"https:\/\/queremoschisme.com\/ca\/wp-json\/wp\/v2\/media?parent=510"}],"curies":[{"name":"wp","href":"https:\/\/api.w.org\/{rel}","templated":true}]}}